{"id":1026,"date":"2025-05-06T08:07:06","date_gmt":"2025-05-06T08:07:06","guid":{"rendered":"https:\/\/www.ludgeri-stiftung.de\/?page_id=1026"},"modified":"2025-12-08T09:10:56","modified_gmt":"2025-12-08T09:10:56","slug":"wohnen-mit-service","status":"publish","type":"page","link":"https:\/\/www.ludgeri-stiftung.de\/index.php\/wohnen-mit-service\/","title":{"rendered":"Wohnen mit Service"},"content":{"rendered":"<p>[et_pb_section fb_built=&#8220;1&#8243; disabled_on=&#8220;on|on|off&#8220; admin_label=&#8220;Hero&#8220; _builder_version=&#8220;4.27.4&#8243; _module_preset=&#8220;default&#8220; background_color=&#8220;#007697&#8243; background_image=&#8220;https:\/\/www.ludgeri-stiftung.de\/wp-content\/uploads\/2025\/06\/wohnen-mit-service-header.jpg&#8220; parallax=&#8220;on&#8220; custom_padding=&#8220;0px||0px||true|false&#8220; locked=&#8220;off&#8220; global_colors_info=&#8220;{}&#8220;][et_pb_row column_structure=&#8220;2_3,1_3&#8243; use_custom_gutter=&#8220;on&#8220; make_equal=&#8220;on&#8220; padding_top_bottom_link_1=&#8220;true&#8220; padding_top_bottom_link_2=&#8220;true&#8220; padding_left_right_link_1=&#8220;true&#8220; padding_left_right_link_2=&#8220;true&#8220; background_color_gradient_type_1=&#8220;circular&#8220; _builder_version=&#8220;4.27.4&#8243; _module_preset=&#8220;default&#8220; width=&#8220;100%&#8220; max_width=&#8220;100%&#8220; custom_padding=&#8220;0px||0px||true&#8220; use_custom_width=&#8220;on&#8220; width_unit=&#8220;off&#8220; custom_width_percent=&#8220;100%&#8220; global_colors_info=&#8220;{}&#8220;][et_pb_column type=&#8220;2_3&#8243; _builder_version=&#8220;4.27.4&#8243; _module_preset=&#8220;default&#8220; background_color_gradient_start=&#8220;rgba(40,40,40,0.79)&#8220; background_color_gradient_end=&#8220;rgba(40,40,40,0.86)&#8220; custom_padding=&#8220;10vw|6vw|10vw|6vw&#8220; custom_padding_tablet=&#8220;10vw|10%|10vw|10%|true|true&#8220; custom_padding_phone=&#8220;10vw|10%|10vw|10%|true|true&#8220; custom_padding_last_edited=&#8220;on|desktop&#8220; global_colors_info=&#8220;{}&#8220; padding_tablet=&#8220;10vw|10%|10vw|10%|true|true&#8220; padding_last_edited=&#8220;on|desktop&#8220; custom_padding__hover=&#8220;|||&#8220; padding_phone=&#8220;10vw|10%|10vw|10%|true|true&#8220;][et_pb_text _builder_version=&#8220;4.27.4&#8243; _module_preset=&#8220;_initial&#8220; text_font=&#8220;||||||||&#8220; header_font=&#8220;Roboto Condensed|700|on||||||&#8220; header_text_color=&#8220;#FFFFFF&#8220; header_font_size=&#8220;64px&#8220; header_line_height=&#8220;1.1em&#8220; background_layout=&#8220;dark&#8220; max_width=&#8220;800px&#8220; custom_margin=&#8220;170px||0px||false|false&#8220; custom_padding=&#8220;|||16px&#8220; text_font_size_tablet=&#8220;14px&#8220; text_font_size_last_edited=&#8220;off|desktop&#8220; header_font_size_tablet=&#8220;44px&#8220; header_font_size_phone=&#8220;32px&#8220; header_font_size_last_edited=&#8220;on|phone&#8220; header_text_shadow_style=&#8220;preset3&#8243; border_color_all=&#8220;RGBA(255,255,255,0)&#8220; locked=&#8220;off&#8220; global_colors_info=&#8220;{}&#8220;]<\/p>\n<h1>Wohnen mit Service<\/h1>\n<p>[\/et_pb_text][\/et_pb_column][et_pb_column type=&#8220;1_3&#8243; _builder_version=&#8220;4.22.2&#8243; _module_preset=&#8220;default&#8220; background_color=&#8220;#CAC84E&#8220; custom_padding=&#8220;80px|40px|80px|40px&#8220; custom_padding_tablet=&#8220;|10%||10%||true&#8220; custom_padding_phone=&#8220;|10%||10%||true&#8220; custom_padding_last_edited=&#8220;on|desktop&#8220; global_colors_info=&#8220;{}&#8220; padding_tablet=&#8220;|10%||10%||true&#8220; padding_last_edited=&#8220;on|desktop&#8220; custom_padding__hover=&#8220;|||&#8220; padding_phone=&#8220;|10%||10%||true&#8220;][et_pb_text _builder_version=&#8220;4.22.2&#8243; _module_preset=&#8220;_initial&#8220; header_font=&#8220;||||||||&#8220; header_2_font=&#8220;Roboto Condensed|700|||||||&#8220; header_2_font_size=&#8220;32px&#8220; header_2_line_height=&#8220;1.2em&#8220; custom_margin=&#8220;|||&#8220; custom_padding=&#8220;|||&#8220; header_2_font_size_last_edited=&#8220;off|desktop&#8220; global_colors_info=&#8220;{}&#8220;]<\/p>\n<h2>Themen<\/h2>\n<p>[\/et_pb_text][et_pb_blurb title=&#8220;MITTENDRIN &#038; DABEI&#8220; url=&#8220;#dabei&#8220; image=&#8220;https:\/\/www.ludgeri-stiftung.de\/wp-content\/uploads\/2024\/11\/icon-soziale-teilhabe.png&#8220; alt=&#8220;mittendrin&#8220; icon_placement=&#8220;left&#8220; image_icon_width=&#8220;64px&#8220; content_max_width=&#8220;1100px&#8220; content_max_width_tablet=&#8220;1100px&#8220; content_max_width_last_edited=&#8220;off|desktop&#8220; _builder_version=&#8220;4.27.4&#8243; _module_preset=&#8220;default&#8220; header_font=&#8220;Roboto Condensed|700|||||||&#8220; header_text_align=&#8220;left&#8220; header_text_color=&#8220;#2a2a2a&#8220; header_line_height=&#8220;1.4em&#8220; body_font=&#8220;Roboto Condensed||||||||&#8220; body_font_size=&#8220;15px&#8220; background_layout=&#8220;dark&#8220; custom_margin=&#8220;|||&#8220; custom_padding=&#8220;|||&#8220; animation_style=&#8220;slide&#8220; animation_direction=&#8220;right&#8220; animation_intensity_slide=&#8220;10%&#8220; animation=&#8220;off&#8220; image_max_width=&#8220;64px&#8220; global_colors_info=&#8220;{}&#8220;][\/et_pb_blurb][\/et_pb_column][\/et_pb_row][\/et_pb_section][et_pb_section fb_built=&#8220;1&#8243; admin_label=&#8220;Menu&#8220; _builder_version=&#8220;4.27.0&#8243; _module_preset=&#8220;default&#8220; background_color=&#8220;#f6f6f6&#8243; background_enable_image=&#8220;off&#8220; locked=&#8220;off&#8220; collapsed=&#8220;on&#8220; global_colors_info=&#8220;{}&#8220;][et_pb_row admin_label=&#8220;Section Header&#8220; _builder_version=&#8220;4.21.0&#8243; _module_preset=&#8220;default&#8220; max_width=&#8220;600px&#8220; global_colors_info=&#8220;{}&#8220;][et_pb_column type=&#8220;4_4&#8243; _builder_version=&#8220;4.16&#8243; _module_preset=&#8220;default&#8220; custom_padding=&#8220;|||&#8220; global_colors_info=&#8220;{}&#8220; custom_padding__hover=&#8220;|||&#8220;][et_pb_text admin_label=&#8220;Tittle&#8220; _builder_version=&#8220;4.27.4&#8243; _module_preset=&#8220;_initial&#8220; header_font=&#8220;||||||||&#8220; header_2_font=&#8220;Roboto Condensed|300||on|||||&#8220; header_2_text_color=&#8220;#000000&#8243; header_2_font_size=&#8220;40px&#8220; header_2_line_height=&#8220;1.5em&#8220; header_3_font=&#8220;||||||||&#8220; text_orientation=&#8220;center&#8220; max_width_last_edited=&#8220;off|desktop&#8220; custom_margin=&#8220;||10px||false|false&#8220; global_colors_info=&#8220;{}&#8220;]<\/p>\n<h2>Wohnen bei der GEWOBAU<\/h2>\n<p>[\/et_pb_text][et_pb_image src=&#8220;https:\/\/www.ludgeri-stiftung.de\/wp-content\/uploads\/2024\/07\/colourspare-flat.jpg&#8220; title_text=&#8220;colourspare-flat&#8220; align=&#8220;center&#8220; _builder_version=&#8220;4.22.2&#8243; _module_preset=&#8220;default&#8220; global_colors_info=&#8220;{}&#8220;][\/et_pb_image][et_pb_text disabled_on=&#8220;off|off|off&#8220; admin_label=&#8220;Subtittle&#8220; _builder_version=&#8220;4.27.4&#8243; _module_preset=&#8220;_initial&#8220; text_font=&#8220;Roboto Condensed||||||||&#8220; text_orientation=&#8220;center&#8220; max_width_tablet=&#8220;&#8220; max_width_phone=&#8220;&#8220; max_width_last_edited=&#8220;on|phone&#8220; module_alignment=&#8220;center&#8220; global_colors_info=&#8220;{}&#8220;]<\/p>\n<p>Wer sich fr\u00fchzeitig mit dem Leben im Alter besch\u00e4ftigt, denkt zuerst an die eigenen vier W\u00e4nde. Denn was passiert, wenn das Treppensteigen, die Eink\u00e4ufe oder die Einsamkeit immer mehr zur Belastung werden.<\/p>\n<p>Deshalb bieten die Wohnanlagen der GEWOBAU Sicherheit, indem sie komplett barrierefrei und rollstuhlgeeignet konzipiert sind und mit einem Aufzug ausgestattet sind. Sie erm\u00f6glichen nachbarschaftliche Gemeinschaft, die Abwechslung mit Kontakten zu Gleichgesinnten und gemeinsame Aktivit\u00e4ten bietet, welche durch den Sozialen Dienst der Stiftung angeboten werden.\u00a0<\/p>\n<p>[\/et_pb_text][\/et_pb_column][\/et_pb_row][et_pb_row column_structure=&#8220;1_3,1_3,1_3&#8243; _builder_version=&#8220;4.27.4&#8243; _module_preset=&#8220;default&#8220; global_colors_info=&#8220;{}&#8220;][et_pb_column type=&#8220;1_3&#8243; _builder_version=&#8220;4.27.4&#8243; _module_preset=&#8220;default&#8220; global_colors_info=&#8220;{}&#8220;][\/et_pb_column][et_pb_column type=&#8220;1_3&#8243; _builder_version=&#8220;4.27.4&#8243; _module_preset=&#8220;default&#8220; global_colors_info=&#8220;{}&#8220;][et_pb_image src=&#8220;https:\/\/www.ludgeri-stiftung.de\/wp-content\/uploads\/2025\/06\/kuehn-frei.png&#8220; alt=&#8220;kuehn&#8220; title_text=&#8220;kuehn&#8220; _builder_version=&#8220;4.27.4&#8243; _module_preset=&#8220;default&#8220; global_colors_info=&#8220;{}&#8220;][\/et_pb_image][et_pb_text _builder_version=&#8220;4.27.5&#8243; _module_preset=&#8220;_initial&#8220; text_font=&#8220;Roboto Condensed||on||||||&#8220; text_orientation=&#8220;center&#8220; custom_margin=&#8220;-30px||||false|false&#8220; hover_enabled=&#8220;0&#8243; locked=&#8220;off&#8220; global_colors_info=&#8220;{}&#8220; sticky_enabled=&#8220;0&#8243;]<\/p>\n<p class=\"p1\"><b>Michelle von der St\u00fcck<\/b><br \/>Leitung Sozialer Dienst\/Wohnen mit Service<br \/>Telefon 0201 \u2013 8497-2460<\/p>\n<p>[\/et_pb_text][\/et_pb_column][et_pb_column type=&#8220;1_3&#8243; _builder_version=&#8220;4.27.4&#8243; _module_preset=&#8220;default&#8220; global_colors_info=&#8220;{}&#8220;][\/et_pb_column][\/et_pb_row][\/et_pb_section][et_pb_section fb_built=&#8220;1&#8243; disabled_on=&#8220;on|off|off&#8220; admin_label=&#8220;Header&#8220; module_id=&#8220;dabei&#8220; _builder_version=&#8220;4.27.4&#8243; _module_preset=&#8220;default&#8220; background_color=&#8220;#007697&#8243; background_image=&#8220;https:\/\/www.ludgeri-stiftung.de\/wp-content\/uploads\/2025\/06\/mittendrin-und-dabei-1.jpg&#8220; parallax=&#8220;on&#8220; custom_padding=&#8220;20vw||20vw||true|false&#8220; locked=&#8220;off&#8220; collapsed=&#8220;on&#8220; global_colors_info=&#8220;{}&#8220;][et_pb_row _builder_version=&#8220;4.21.0&#8243; _module_preset=&#8220;default&#8220; global_colors_info=&#8220;{}&#8220;][et_pb_column type=&#8220;4_4&#8243; _builder_version=&#8220;4.21.0&#8243; _module_preset=&#8220;default&#8220; global_colors_info=&#8220;{}&#8220;][et_pb_image src=&#8220;https:\/\/www.ludgeri-stiftung.de\/wp-content\/uploads\/2024\/11\/icon-soziale-teilhabe.png&#8220; title_text=&#8220;icon-soziale-teilhabe&#8220; _builder_version=&#8220;4.27.4&#8243; _module_preset=&#8220;default&#8220; width=&#8220;10%&#8220; max_width=&#8220;10%&#8220; module_alignment=&#8220;center&#8220; locked=&#8220;off&#8220; global_colors_info=&#8220;{}&#8220;][\/et_pb_image][et_pb_text _builder_version=&#8220;4.27.4&#8243; _module_preset=&#8220;_initial&#8220; header_font=&#8220;Roboto Condensed|700||on|||||&#8220; header_text_color=&#8220;#FFFFFF&#8220; header_2_font=&#8220;Roboto Condensed|700||on|||||&#8220; header_2_text_color=&#8220;#FFFFFF&#8220; header_2_font_size=&#8220;50px&#8220; text_orientation=&#8220;center&#8220; custom_margin=&#8220;||10px||false|false&#8220; header_2_text_shadow_style=&#8220;preset3&#8243; global_colors_info=&#8220;{}&#8220;]<\/p>\n<h2>Mittendrin &amp; dabei<\/h2>\n<p>[\/et_pb_text][\/et_pb_column][\/et_pb_row][\/et_pb_section][et_pb_section fb_built=&#8220;1&#8243; admin_label=&#8220;About&#8220; _builder_version=&#8220;4.27.4&#8243; _module_preset=&#8220;default&#8220; background_color=&#8220;#f6f6f6&#8243; custom_padding=&#8220;0px||0px||true|false&#8220; locked=&#8220;off&#8220; collapsed=&#8220;on&#8220; global_colors_info=&#8220;{}&#8220;][et_pb_row column_structure=&#8220;2_5,3_5&#8243; make_equal=&#8220;on&#8220; _builder_version=&#8220;4.27.4&#8243; _module_preset=&#8220;default&#8220; background_pattern_repeat_origin=&#8220;bottom_left&#8220; background_pattern_vertical_offset=&#8220;-112px&#8220; background_pattern_repeat=&#8220;repeat-x&#8220; custom_padding=&#8220;0px||0px||true|false&#8220; global_colors_info=&#8220;{%22gcid-fa957022-7f68-4c63-9382-2437a00591d9%22:%91%22background_pattern_color%22%93}&#8220;][et_pb_column type=&#8220;2_5&#8243; _builder_version=&#8220;4.27.4&#8243; _module_preset=&#8220;default&#8220; global_colors_info=&#8220;{}&#8220;][et_pb_image src=&#8220;https:\/\/www.ludgeri-stiftung.de\/wp-content\/uploads\/2025\/06\/Obermanns.jpg&#8220; alt=&#8220;Obermanns&#8220; title_text=&#8220;Obermanns&#8220; _builder_version=&#8220;4.27.4&#8243; _module_preset=&#8220;default&#8220; custom_margin=&#8220;|||-24vw|false|false&#8220; global_colors_info=&#8220;{}&#8220;][\/et_pb_image][\/et_pb_column][et_pb_column type=&#8220;3_5&#8243; _builder_version=&#8220;4.19.2&#8243; _module_preset=&#8220;default&#8220; background_pattern_repeat_origin=&#8220;bottom_left&#8220; background_pattern_vertical_offset=&#8220;-112px&#8220; background_pattern_repeat=&#8220;repeat-x&#8220; custom_padding=&#8220;8%||10%||false|false&#8220; custom_padding_tablet=&#8220;||120px||false|true&#8220; custom_padding_phone=&#8220;||||false|true&#8220; custom_padding_last_edited=&#8220;on|tablet&#8220; global_colors_info=&#8220;{%22gcid-fa957022-7f68-4c63-9382-2437a00591d9%22:%91%22background_pattern_color%22%93}&#8220;][et_pb_text _builder_version=&#8220;4.27.4&#8243; _module_preset=&#8220;default&#8220; text_font=&#8220;Roboto Condensed||||||||&#8220; header_3_font=&#8220;Roboto Condensed|700|||||||&#8220; header_3_text_color=&#8220;#000000&#8243; global_colors_info=&#8220;{}&#8220;]<\/p>\n<h3><strong>Ein kompetenter Partner<\/strong><\/h3>\n<p>In Kooperation mit der GEWOBAU in Essen-Werden k\u00f6nnen wir Senior:innen, die sich altersgerecht umorientieren m\u00fcssen, 130 Wohnungen mitten im Stadtteil anbieten. Als Ansprechpartner*innen f\u00fcr die Mieter:innen fungieren Sozialarbeiter*innen unseres Hauses, die sich um das Gemeinschaftsleben k\u00fcmmern, die St\u00e4rkung und Lebendigkeit der Nachbarschaftshilfe initiieren und Kurse\/Ausfl\u00fcge anbieten.<\/p>\n<p>Im Fr\u00fchjahr k\u00f6nnen die Mieter:innen gemeinsam Spargelgebiete am Niederrhein besuchen. Im Herbst wird gesellig das traditionelle G\u00e4nseessen zelebriert.<\/p>\n<p>[\/et_pb_text][\/et_pb_column][\/et_pb_row][\/et_pb_section]<\/p>\n","protected":false},"excerpt":{"rendered":"<p>Wohnen mit ServiceThemenWohnen bei der GEWOBAUWer sich fr\u00fchzeitig mit dem Leben im Alter besch\u00e4ftigt, denkt zuerst an die eigenen vier W\u00e4nde. Denn was passiert, wenn das Treppensteigen, die Eink\u00e4ufe oder die Einsamkeit immer mehr zur Belastung werden. Deshalb bieten die Wohnanlagen der GEWOBAU Sicherheit, indem sie komplett barrierefrei und rollstuhlgeeignet konzipiert sind und mit einem [&hellip;]<\/p>\n","protected":false},"author":2,"featured_media":0,"parent":0,"menu_order":0,"comment_status":"closed","ping_status":"closed","template":"","meta":{"_seopress_robots_primary_cat":"","_seopress_titles_title":"","_seopress_titles_desc":"","_seopress_robots_index":"","_et_pb_use_builder":"on","_et_pb_old_content":"","_et_gb_content_width":"","footnotes":""},"class_list":["post-1026","page","type-page","status-publish","hentry"],"_links":{"self":[{"href":"https:\/\/www.ludgeri-stiftung.de\/index.php\/wp-json\/wp\/v2\/pages\/1026","targetHints":{"allow":["GET"]}}],"collection":[{"href":"https:\/\/www.ludgeri-stiftung.de\/index.php\/wp-json\/wp\/v2\/pages"}],"about":[{"href":"https:\/\/www.ludgeri-stiftung.de\/index.php\/wp-json\/wp\/v2\/types\/page"}],"author":[{"embeddable":true,"href":"https:\/\/www.ludgeri-stiftung.de\/index.php\/wp-json\/wp\/v2\/users\/2"}],"replies":[{"embeddable":true,"href":"https:\/\/www.ludgeri-stiftung.de\/index.php\/wp-json\/wp\/v2\/comments?post=1026"}],"version-history":[{"count":23,"href":"https:\/\/www.ludgeri-stiftung.de\/index.php\/wp-json\/wp\/v2\/pages\/1026\/revisions"}],"predecessor-version":[{"id":1715,"href":"https:\/\/www.ludgeri-stiftung.de\/index.php\/wp-json\/wp\/v2\/pages\/1026\/revisions\/1715"}],"wp:attachment":[{"href":"https:\/\/www.ludgeri-stiftung.de\/index.php\/wp-json\/wp\/v2\/media?parent=1026"}],"curies":[{"name":"wp","href":"https:\/\/api.w.org\/{rel}","templated":true}]}}