{"id":1633,"date":"2025-07-31T09:08:20","date_gmt":"2025-07-31T09:08:20","guid":{"rendered":"https:\/\/www.ludgeri-stiftung.de\/?page_id=1633"},"modified":"2025-07-31T09:08:20","modified_gmt":"2025-07-31T09:08:20","slug":"impressum","status":"publish","type":"page","link":"https:\/\/www.ludgeri-stiftung.de\/index.php\/impressum\/","title":{"rendered":"Impressum"},"content":{"rendered":"<p>[et_pb_section fb_built=&#8220;1&#8243; admin_label=&#8220;Header&#8220; _builder_version=&#8220;4.22.2&#8243; _module_preset=&#8220;default&#8220; custom_padding=&#8220;0px||0px||true|false&#8220; locked=&#8220;off&#8220; collapsed=&#8220;on&#8220; global_colors_info=&#8220;{}&#8220; theme_builder_area=&#8220;post_content&#8220;][et_pb_row admin_label=&#8220;Section Header&#8220; _builder_version=&#8220;4.21.0&#8243; _module_preset=&#8220;default&#8220; max_width=&#8220;600px&#8220; locked=&#8220;off&#8220; global_colors_info=&#8220;{}&#8220; theme_builder_area=&#8220;post_content&#8220;][et_pb_column type=&#8220;4_4&#8243; _builder_version=&#8220;4.16&#8243; _module_preset=&#8220;default&#8220; custom_padding=&#8220;|||&#8220; global_colors_info=&#8220;{}&#8220; custom_padding__hover=&#8220;|||&#8220; theme_builder_area=&#8220;post_content&#8220;][et_pb_text admin_label=&#8220;Tittle&#8220; _builder_version=&#8220;4.23.4&#8243; _module_preset=&#8220;_initial&#8220; header_font=&#8220;||||||||&#8220; header_2_font=&#8220;Roboto Condensed|300||on|||||&#8220; header_2_text_color=&#8220;#000000&#8243; header_3_font=&#8220;||||||||&#8220; text_orientation=&#8220;center&#8220; max_width_last_edited=&#8220;off|desktop&#8220; custom_margin=&#8220;||10px||false|false&#8220; global_colors_info=&#8220;{}&#8220; theme_builder_area=&#8220;post_content&#8220;]<\/p>\n<h2>IMPRESSUM<\/h2>\n<p>[\/et_pb_text][et_pb_image src=&#8220;https:\/\/www.ludgeri-stiftung.de\/wp-content\/uploads\/2024\/07\/colourspare-flat.jpg&#8220; title_text=&#8220;colourspare-flat&#8220; align=&#8220;center&#8220; _builder_version=&#8220;4.25.0&#8243; _module_preset=&#8220;default&#8220; global_colors_info=&#8220;{}&#8220; theme_builder_area=&#8220;post_content&#8220;][\/et_pb_image][et_pb_text disabled_on=&#8220;off|off|off&#8220; admin_label=&#8220;Subtittle&#8220; _builder_version=&#8220;4.25.0&#8243; _module_preset=&#8220;_initial&#8220; text_font=&#8220;Roboto Condensed||||||||&#8220; text_orientation=&#8220;center&#8220; max_width_tablet=&#8220;&#8220; max_width_phone=&#8220;&#8220; max_width_last_edited=&#8220;on|phone&#8220; module_alignment=&#8220;center&#8220; custom_margin=&#8220;100px||||false|false&#8220; global_colors_info=&#8220;{}&#8220; theme_builder_area=&#8220;post_content&#8220;]<\/p>\n<p class=\"bodytext\" style=\"text-align: left;\"><strong>Stiftung St. Ludgeri<\/strong><br \/>Br\u00fcckstra\u00dfe 87\/89<br \/>45239 Essen-Werden<\/p>\n<p style=\"text-align: left;\">Tel.: 0201-8497-0<br \/>Fax: <span>0201 \u2013 89 06 93 49<\/span><\/p>\n<p style=\"text-align: left;\"><a href=\"mailto:info@ludgeri-stiftung.de\" target=\"_blank\" rel=\"noopener noreferrer\">info@ludgeri-stiftung.de<\/a><a href=\"https:\/\/www.ludgeri-stiftung.de\/\" target=\"_blank\" rel=\"noopener noreferrer\"><br \/>www.ludgeri-stiftung.de<br \/><\/a><\/p>\n<p style=\"text-align: left;\">Die Stiftung St. Ludgeri ist eine freigemeinn\u00fctzige Stiftung unter der Aufsicht der Bisch\u00f6flichen Stiftungsaufsicht des Bistums Essen, Generalvikariat, Zw\u00f6lfling 16, 45127 Essen.\u00a0Sie steht au\u00dferdem unter der staatlichen Aufsicht des Regierungspr\u00e4sidiums in D\u00fcsseldorf.<\/p>\n<p class=\"bodytext\" style=\"text-align: left;\">Vertreten durch: Laura Stietenroth (Vorst\u00e4ndin)<\/p>\n<p class=\"bodytext\" style=\"text-align: left;\">Umsatzsteuer-Nr.: 112\/5969\/0143 (Finanzamt Essen-S\u00fcd)<\/p>\n<p class=\"bodytext\" style=\"text-align: left;\">Mitglied im Deutschen Caritasverband<br \/>Institutionskennzeichen: 510 511 623<br \/>Betriebs-Nr.: 35442509<\/p>\n<p class=\"bodytext\" style=\"text-align: left;\"><strong>Redaktionell verantwortlich:<\/strong><br \/>Laura Stietenroth<br \/>Br\u00fcckstra\u00dfe 87\/89<br \/>45239 Essen-Werden<\/p>\n<p class=\"bodytext\" style=\"text-align: left;\">\n<h2 data-fontsize=\"22\" data-lineheight=\"27.94px\" class=\"fusion-responsive-typography-calculated\" style=\"text-align: left;\"><\/h2>\n<h2 data-fontsize=\"22\" data-lineheight=\"27.94px\" class=\"fusion-responsive-typography-calculated\" style=\"text-align: left;\"><\/h2>\n<h2 data-fontsize=\"22\" data-lineheight=\"27.94px\" class=\"fusion-responsive-typography-calculated\" style=\"text-align: left;\"><\/h2>\n<h2 style=\"text-align: left;\">EU-Streitschlichtung<\/h2>\n<p style=\"text-align: left;\">Die Europ\u00e4ische Kommission stellt eine Plattform zur Online-Streitbeilegung (OS) bereit: <a href=\"https:\/\/ec.europa.eu\/consumers\/odr\/\" target=\"_blank\" rel=\"noopener noreferrer\">https:\/\/ec.europa.eu\/consumers\/odr\/<\/a>.<br \/>Unsere E-Mail-Adresse finden Sie oben im Impressum.<\/p>\n<h2 style=\"text-align: left;\">Verbraucher\u00adstreit\u00adbeilegung\/Universal\u00adschlichtungs\u00adstelle<\/h2>\n<p style=\"text-align: left;\">Wir sind nicht bereit oder verpflichtet, an Streitbeilegungsverfahren vor einer Verbraucherschlichtungsstelle teilzunehmen.<\/p>\n<p>&nbsp;<\/p>\n<div class=\"wpb_text_column wpb_content_element \">\n<div class=\"wpb_wrapper\">\n<div class=\"wpb_text_column wpb_content_element \" style=\"text-align: left;\">\n<div class=\"wpb_wrapper\"><\/div>\n<\/div>\n<div class=\"divider-wrap\">\n<div class=\"wpb_text_column wpb_content_element \">\n<div class=\"wpb_wrapper\">\n<h2 data-fontsize=\"22\" data-lineheight=\"27.94px\" class=\"fusion-responsive-typography-calculated\" style=\"text-align: left;\"><\/h2>\n<h2 data-fontsize=\"22\" data-lineheight=\"27.94px\" class=\"fusion-responsive-typography-calculated\" style=\"text-align: left;\"><\/h2>\n<h2 data-fontsize=\"22\" data-lineheight=\"27.94px\" class=\"fusion-responsive-typography-calculated\" style=\"text-align: left;\">Haftungsausschluss<\/h2>\n<h3 data-fontsize=\"18\" data-lineheight=\"23.94px\" class=\"fusion-responsive-typography-calculated\" style=\"text-align: left;\">Inhalt des Online-Angebotes<\/h3>\n<p class=\"bodytext\" style=\"text-align: left;\">Die Stiftung St. Ludgeri\u00a0\u00fcbernimmt keinerlei Gew\u00e4hr f\u00fcr die Aktualit\u00e4t, Korrektheit, Vollst\u00e4ndigkeit oder Qualit\u00e4t der bereitgestellten Informationen. Haftungsanspr\u00fcche gegen die Stiftung St. Ludgeri, welche sich auf Sch\u00e4den materieller oder ideeller Art beziehen, die durch die Nutzung oder Nichtnutzung der dargebotenen Informationen bzw. durch die Nutzung fehlerhafter und unvollst\u00e4ndiger Informationen verursacht wurden, sind grunds\u00e4tzlich ausgeschlossen, sofern seitens der Stiftung St. Ludgeri\u00a0kein nachweislich vors\u00e4tzliches oder grob fahrl\u00e4ssiges Verschulden vorliegt. Alle Angebote sind freibleibend und unverbindlich. Die Stiftung St. Ludgeri\u00a0beh\u00e4lt es sich ausdr\u00fccklich vor, Teile der Seiten oder das gesamte Angebot ohne gesonderte Ank\u00fcndigung zu ver\u00e4ndern, zu erg\u00e4nzen, zu l\u00f6schen oder die Ver\u00f6ffentlichung zeitweise oder endg\u00fcltig einzustellen.<\/p>\n<h3 data-fontsize=\"18\" data-lineheight=\"23.94px\" class=\"fusion-responsive-typography-calculated\" style=\"text-align: left;\">Verweise und Links<\/h3>\n<p class=\"bodytext\" style=\"text-align: left;\">Bei direkten oder indirekten Verweisen auf fremde Internetseiten (\u201eLinks\u201c), die au\u00dferhalb des Verantwortungsbereiches der Stiftung St. Ludgeri liegen, w\u00fcrde eine Haftungsverpflichtung ausschlie\u00dflich in dem Fall in Kraft treten, in dem die Stiftung St. Ludgeri\u00a0von den Inhalten Kenntnis hat und es ihr technisch m\u00f6glich und zumutbar w\u00e4re, die Nutzung im Falle rechtswidriger Inhalte zu verhindern. Die Stiftung St. Ludgeri\u00a0erkl\u00e4rt hiermit ausdr\u00fccklich, dass zum Zeitpunkt der Linksetzung keine illegalen Inhalte auf den zu verlinkenden Seiten erkennbar waren. Auf die aktuelle und zuk\u00fcnftige Gestaltung, die Inhalte oder die Urheberschaft der gelinkten\/verkn\u00fcpften Seiten hat die Stiftung St. Ludgeri keinerlei Einfluss. Deshalb distanziert sie sich hiermit ausdr\u00fccklich von allen Inhalten aller gelinkten \/verkn\u00fcpften Seiten, die nach der Linksetzung ver\u00e4ndert wurden. Diese Feststellung gilt f\u00fcr alle innerhalb des eigenen Internetangebotes gesetzten Links und Verweise sowie f\u00fcr Fremdeintr\u00e4ge in von der Stiftung St. Ludgeri eingerichteten G\u00e4steb\u00fcchern, Diskussionsforen und Mailinglisten. F\u00fcr illegale, fehlerhafte oder unvollst\u00e4ndige Inhalte und insbesondere f\u00fcr Sch\u00e4den, die aus der Nutzung oder Nichtnutzung solcherart dargebotener Informationen entstehen, haftet allein der Anbieter der Seite, auf welche verwiesen wurde, nicht derjenige, der \u00fcber Links auf die jeweilige Ver\u00f6ffentlichung lediglich verweist.<\/p>\n<h3 data-fontsize=\"18\" data-lineheight=\"23.94px\" class=\"fusion-responsive-typography-calculated\" style=\"text-align: left;\">Urheber- und Kennzeichenrecht<\/h3>\n<p class=\"bodytext\" style=\"text-align: left;\">Die Stiftung St. Ludgeri\u00a0ist bestrebt, in allen Publikationen die Urheberrechte der verwendeten Grafiken, Tondokumente, Videosequenzen und Texte zu beachten, von ihm selbst erstellte Grafiken, Tondokumente, Videosequenzen und Texte zu nutzen oder auf lizenzfreie Grafiken, Tondokumente, Videosequenzen und Texte zur\u00fcckzugreifen. Alle innerhalb des Internetangebotes genannten und ggf. durch Dritte gesch\u00fctzten Marken- und Warenzeichen unterliegen uneingeschr\u00e4nkt den Bestimmungen des jeweils g\u00fcltigen Kennzeichenrechts und den Besitzrechten der jeweiligen eingetragenen Eigent\u00fcmer. Allein aufgrund der blo\u00dfen Nennung ist nicht der Schluss zu ziehen, dass Markenzeichen nicht durch Rechte Dritter gesch\u00fctzt sind! Das Copyright f\u00fcr ver\u00f6ffentlichte, von der Stiftung St. Ludgeri selbst erstellte Objekte bleibt allein beim Autor der Seiten. Eine Vervielf\u00e4ltigung oder Verwendung solcher Grafiken, Tondokumente, Videosequenzen und Texte in anderen elektronischen oder gedruckten Publikationen ist ohne ausdr\u00fcckliche Zustimmung der Stiftung St. Ludgeri als Autor\u00a0nicht gestattet.<\/p>\n<h3 data-fontsize=\"18\" data-lineheight=\"23.94px\" class=\"fusion-responsive-typography-calculated\" style=\"text-align: left;\">Rechtswirksamkeit dieses Haftungsausschlusses<\/h3>\n<p style=\"text-align: left;\">Dieser Haftungsausschluss ist als Teil des Internetangebotes zu betrachten, von dem aus auf diese Seite verwiesen wurde. Sofern Teile oder einzelne Formulierungen dieses Textes der geltenden Rechtslage nicht, nicht mehr oder nicht vollst\u00e4ndig entsprechen sollten, bleiben die \u00fcbrigen Teile des Dokumentes in ihrem Inhalt und ihrer G\u00fcltigkeit davon unber\u00fchrt.<\/p>\n<\/div>\n<\/div>\n<\/div>\n<\/div>\n<\/div>\n<p>[\/et_pb_text][\/et_pb_column][\/et_pb_row][\/et_pb_section]<\/p>\n","protected":false},"excerpt":{"rendered":"<p>IMPRESSUMStiftung St. LudgeriBr\u00fcckstra\u00dfe 87\/8945239 Essen-Werden Tel.: 0201-8497-0Fax: 0201 \u2013 89 06 93 49 info@ludgeri-stiftung.dewww.ludgeri-stiftung.de Die Stiftung St. Ludgeri ist eine freigemeinn\u00fctzige Stiftung unter der Aufsicht der Bisch\u00f6flichen Stiftungsaufsicht des Bistums Essen, Generalvikariat, Zw\u00f6lfling 16, 45127 Essen.\u00a0Sie steht au\u00dferdem unter der staatlichen Aufsicht des Regierungspr\u00e4sidiums in D\u00fcsseldorf. Vertreten durch: Laura Stietenroth (Vorst\u00e4ndin) Umsatzsteuer-Nr.: 112\/5969\/0143 (Finanzamt Essen-S\u00fcd) [&hellip;]<\/p>\n","protected":false},"author":2,"featured_media":0,"parent":0,"menu_order":0,"comment_status":"closed","ping_status":"closed","template":"","meta":{"_seopress_robots_primary_cat":"","_seopress_titles_title":"","_seopress_titles_desc":"","_seopress_robots_index":"","_et_pb_use_builder":"on","_et_pb_old_content":"","_et_gb_content_width":"","footnotes":""},"class_list":["post-1633","page","type-page","status-publish","hentry"],"_links":{"self":[{"href":"https:\/\/www.ludgeri-stiftung.de\/index.php\/wp-json\/wp\/v2\/pages\/1633","targetHints":{"allow":["GET"]}}],"collection":[{"href":"https:\/\/www.ludgeri-stiftung.de\/index.php\/wp-json\/wp\/v2\/pages"}],"about":[{"href":"https:\/\/www.ludgeri-stiftung.de\/index.php\/wp-json\/wp\/v2\/types\/page"}],"author":[{"embeddable":true,"href":"https:\/\/www.ludgeri-stiftung.de\/index.php\/wp-json\/wp\/v2\/users\/2"}],"replies":[{"embeddable":true,"href":"https:\/\/www.ludgeri-stiftung.de\/index.php\/wp-json\/wp\/v2\/comments?post=1633"}],"version-history":[{"count":2,"href":"https:\/\/www.ludgeri-stiftung.de\/index.php\/wp-json\/wp\/v2\/pages\/1633\/revisions"}],"predecessor-version":[{"id":1635,"href":"https:\/\/www.ludgeri-stiftung.de\/index.php\/wp-json\/wp\/v2\/pages\/1633\/revisions\/1635"}],"wp:attachment":[{"href":"https:\/\/www.ludgeri-stiftung.de\/index.php\/wp-json\/wp\/v2\/media?parent=1633"}],"curies":[{"name":"wp","href":"https:\/\/api.w.org\/{rel}","templated":true}]}}